{"id":37088,"date":"2026-04-15T12:09:34","date_gmt":"2026-04-15T15:09:34","guid":{"rendered":"https:\/\/cipeseguridad.com\/certificacion\/?page_id=37088"},"modified":"2026-04-15T12:10:32","modified_gmt":"2026-04-15T15:10:32","slug":"curso-de-habilitacion-para-la-adquisicion-y-tenencia-de-armas-thata","status":"publish","type":"page","link":"https:\/\/cipeseguridad.com\/certificacion\/cursos\/curso-de-habilitacion-para-la-adquisicion-y-tenencia-de-armas-thata\/","title":{"rendered":"Curso de Habilitaci\u00f3n para la Adquisici\u00f3n y Tenencia de Armas (THATA)"},"content":{"rendered":"<section class=\"l-section wpb_row height_custom\"><div class=\"l-section-h i-cf\"><div class=\"g-cols vc_row via_flex valign_top type_default stacking_default\"><div class=\"vc_col-sm-10 wpb_column vc_column_container\"><div class=\"vc_column-inner\"><div class=\"wpb_wrapper\"><div class=\"wpb_text_column\"><div class=\"wpb_wrapper\"><h3 data-path-to-node=\"4\">Obt\u00e9n tu certificaci\u00f3n oficial con expertos en seguridad. Nuestro curso integral cumple con todas las normativas vigentes y te gu\u00eda en cada paso del proceso.<\/h3>\n<p data-path-to-node=\"5\"><b data-path-to-node=\"5\" data-index-in-node=\"0\">El curso incluye:<\/b><\/p>\n<ul data-path-to-node=\"6\">\n<li>\n<p data-path-to-node=\"6,0,0\"><b data-path-to-node=\"6,0,0\" data-index-in-node=\"0\">Evaluaciones Oficiales:<\/b> Ex\u00e1menes m\u00e9dico y psicol\u00f3gico requeridos por ley.<\/p>\n<\/li>\n<li>\n<p data-path-to-node=\"6,1,0\"><b data-path-to-node=\"6,1,0\" data-index-in-node=\"0\">Capacitaci\u00f3n Te\u00f3rica:<\/b> Conocimiento profundo sobre armas de fuego y normativa.<\/p>\n<\/li>\n<li>\n<p data-path-to-node=\"6,2,0\"><b data-path-to-node=\"6,2,0\" data-index-in-node=\"0\">Entrenamiento Pr\u00e1ctico:<\/b> Sesiones de tiro guiadas por instructores calificados.<\/p>\n<\/li>\n<li>\n<p data-path-to-node=\"6,3,0\"><b data-path-to-node=\"6,3,0\" data-index-in-node=\"0\">Certificaci\u00f3n:<\/b> Entrega de certificados al finalizar y aprobar el curso.<\/p>\n<\/li>\n<\/ul>\n<hr data-path-to-node=\"7\" \/>\n<p data-path-to-node=\"8\"><b data-path-to-node=\"8\" data-index-in-node=\"0\">CIPE Seguridad<\/b><\/p>\n<p data-path-to-node=\"8\">\ud83d\udccd Av. Garibaldi 2344, Montevideo, Uruguay<\/p>\n<p data-path-to-node=\"8\">\ud83d\udcde Telefax: (+598) 2208 6761<\/p>\n<p data-path-to-node=\"8\">\ud83d\udce7 E-mail: cipecetec@gmail.com<\/p>\n<\/div><\/div><\/div><\/div><\/div><div class=\"vc_col-sm-2 wpb_column vc_column_container\"><div class=\"vc_column-inner\"><div class=\"wpb_wrapper\"><\/div><\/div><\/div><\/div><\/div><\/section>\n","protected":false},"excerpt":{"rendered":"Obt\u00e9n tu certificaci\u00f3n oficial con expertos en seguridad. Nuestro curso integral cumple con todas las normativas vigentes y te gu\u00eda en cada paso del proceso. El curso incluye: Evaluaciones Oficiales: Ex\u00e1menes m\u00e9dico y psicol\u00f3gico requeridos por ley. Capacitaci\u00f3n Te\u00f3rica: Conocimiento profundo sobre armas de fuego y normativa. Entrenamiento Pr\u00e1ctico: Sesiones de tiro guiadas por instructores...","protected":false},"author":1,"featured_media":0,"parent":37077,"menu_order":0,"comment_status":"closed","ping_status":"closed","template":"","meta":{"footnotes":""},"class_list":["post-37088","page","type-page","status-publish","hentry"],"_links":{"self":[{"href":"https:\/\/cipeseguridad.com\/certificacion\/wp-json\/wp\/v2\/pages\/37088","targetHints":{"allow":["GET"]}}],"collection":[{"href":"https:\/\/cipeseguridad.com\/certificacion\/wp-json\/wp\/v2\/pages"}],"about":[{"href":"https:\/\/cipeseguridad.com\/certificacion\/wp-json\/wp\/v2\/types\/page"}],"author":[{"embeddable":true,"href":"https:\/\/cipeseguridad.com\/certificacion\/wp-json\/wp\/v2\/users\/1"}],"replies":[{"embeddable":true,"href":"https:\/\/cipeseguridad.com\/certificacion\/wp-json\/wp\/v2\/comments?post=37088"}],"version-history":[{"count":3,"href":"https:\/\/cipeseguridad.com\/certificacion\/wp-json\/wp\/v2\/pages\/37088\/revisions"}],"predecessor-version":[{"id":37091,"href":"https:\/\/cipeseguridad.com\/certificacion\/wp-json\/wp\/v2\/pages\/37088\/revisions\/37091"}],"up":[{"embeddable":true,"href":"https:\/\/cipeseguridad.com\/certificacion\/wp-json\/wp\/v2\/pages\/37077"}],"wp:attachment":[{"href":"https:\/\/cipeseguridad.com\/certificacion\/wp-json\/wp\/v2\/media?parent=37088"}],"curies":[{"name":"wp","href":"https:\/\/api.w.org\/{rel}","templated":true}]}}