{"id":37209,"date":"2026-04-17T13:59:34","date_gmt":"2026-04-17T16:59:34","guid":{"rendered":"https:\/\/cipeseguridad.com\/certificacion\/?page_id=37209"},"modified":"2026-04-18T17:52:06","modified_gmt":"2026-04-18T20:52:06","slug":"el-instituto","status":"publish","type":"page","link":"https:\/\/cipeseguridad.com\/certificacion\/cipe-centro-de-instruccion-y-perfeccionamiento-en-seguridad-2\/el-instituto\/","title":{"rendered":"El Instituto &#8211; CIPE Seguridad &#8211; m\u00e1s de 25 a\u00f1os"},"content":{"rendered":"<section class=\"l-section wpb_row height_custom\"><div class=\"l-section-h i-cf\"><div class=\"g-cols vc_row via_flex valign_top type_default stacking_default\"><div class=\"vc_col-sm-8 wpb_column vc_column_container\"><div class=\"vc_column-inner\"><div class=\"wpb_wrapper\"><div class=\"wpb_text_column\"><div class=\"wpb_wrapper\"><p data-path-to-node=\"0\">\n<h1 data-path-to-node=\"2\"><b data-path-to-node=\"2\" data-index-in-node=\"0\">Instituto CIPE Seguridad: Formaci\u00f3n que Protege el Futuro<\/b><\/h1>\n<p data-path-to-node=\"3\">En el <b data-path-to-node=\"3\" data-index-in-node=\"6\">Instituto CIPE<\/b>, nos dedicamos a la formaci\u00f3n y capacitaci\u00f3n de profesionales en el \u00e1rea de seguridad con un enfoque integral, moderno y altamente especializado. Entendemos que la seguridad no es solo una tarea operativa, sino una responsabilidad que requiere actualizaci\u00f3n constante, disciplina y el dominio de nuevas tecnolog\u00edas.<\/p>\n<p data-path-to-node=\"4\">Nuestra misi\u00f3n es profesionalizar el sector, brindando a nuestros estudiantes las herramientas te\u00f3ricas y pr\u00e1cticas necesarias para desempe\u00f1arse con excelencia en entornos complejos y cambiantes.<\/p>\n<h3 data-path-to-node=\"5\"><b data-path-to-node=\"5\" data-index-in-node=\"0\">\u00bfPor qu\u00e9 elegir nuestro Instituto?<\/b><\/h3>\n<ul data-path-to-node=\"6\">\n<li>\n<p data-path-to-node=\"6,0,0\"><b data-path-to-node=\"6,0,0\" data-index-in-node=\"0\">Excelencia Acad\u00e9mica:<\/b> Contamos con un cuerpo docente integrado por expertos activos en el \u00e1rea de seguridad, con amplia trayectoria y conocimientos actualizados.<\/p>\n<\/li>\n<li>\n<p data-path-to-node=\"6,1,0\"><b data-path-to-node=\"6,1,0\" data-index-in-node=\"0\">Programas Especializados:<\/b> Nuestros cursos est\u00e1n dise\u00f1ados para cubrir las demandas reales del mercado laboral, desde la formaci\u00f3n b\u00e1sica hasta especializaciones avanzadas en gesti\u00f3n de riesgos y seguridad electr\u00f3nica.<\/p>\n<\/li>\n<li>\n<p data-path-to-node=\"6,2,0\"><b data-path-to-node=\"6,2,0\" data-index-in-node=\"0\">Metodolog\u00eda Innovadora:<\/b> Combinamos la instrucci\u00f3n presencial con recursos digitales, facilitando el aprendizaje continuo y adaptado a los tiempos actuales.<\/p>\n<\/li>\n<li>\n<p data-path-to-node=\"6,3,0\"><b data-path-to-node=\"6,3,0\" data-index-in-node=\"0\">Certificaci\u00f3n y Respaldo:<\/b> Formar parte de nuestro instituto significa acceder a una red de contactos profesional y a una bolsa de trabajo que conecta a los mejores perfiles con oportunidades reales en el sector.<\/p>\n<\/li>\n<\/ul>\n<h3 data-path-to-node=\"7\"><b data-path-to-node=\"7\" data-index-in-node=\"0\">Nuestro Compromiso<\/b><\/h3>\n<p data-path-to-node=\"8\">Estamos comprometidos con el desarrollo humano y t\u00e9cnico. Buscamos que cada egresado del Instituto CIPE no solo cumpla con sus funciones, sino que se convierta en un referente de confianza, \u00e9tica y capacidad resolutiva para la sociedad.<\/p>\n<p data-path-to-node=\"9,0\"><b data-path-to-node=\"9,0\" data-index-in-node=\"0\">\u00abLa prevenci\u00f3n se construye con conocimiento.\u00bb<\/b><\/p>\n<\/div><\/div><\/div><\/div><\/div><div class=\"vc_col-sm-4 wpb_column vc_column_container\"><div class=\"vc_column-inner us_custom_447bff20\"><div class=\"vc_column-overlay\" style=\"background:#e8e8e8\"><\/div><div class=\"wpb_wrapper\"><div class=\"w-separator size_medium\"><\/div><div class=\"wpb_text_column\"><div class=\"wpb_wrapper\"><p data-pm-slice=\"1 1 &#091;&#093;\"><strong><img loading=\"lazy\" decoding=\"async\" class=\"emoji\" role=\"img\" draggable=\"false\" src=\"https:\/\/s.w.org\/images\/core\/emoji\/17.0.2\/svg\/1f6e1.svg\" alt=\"\ud83d\udee1\ufe0f\" width=\"15\" height=\"22\" \/> <\/strong><\/p>\n<\/div><\/div><div class=\"w-grid type_grid layout_gallery_default popup_page\" id=\"us_grid_1\" style=\"--gap:1.5rem;\" data-filterable=\"true\"><style>.layout_gallery_default .w-grid-item-h{}<\/style><div class=\"w-grid-list\">\t<article class=\"w-grid-item post-37237 attachment type-attachment status-inherit hentry\" data-id=\"37237\">\r\n\t\t<div class=\"w-grid-item-h\">\r\n\t\t\t\t\t\t\t<a class=\"w-grid-item-anchor\" href=\"https:\/\/cipeseguridad.com\/certificacion\/cipe-centro-de-instruccion-y-perfeccionamiento-en-seguridad-2\/el-instituto\/cipe2\/\" rel=\"bookmark\" aria-label=\"cipe2\"><\/a>\r\n\t\t\t\t\t\t<div class=\"w-post-elm post_image usg_post_image_1 stretched\"><img loading=\"lazy\" decoding=\"async\" width=\"1024\" height=\"576\" src=\"https:\/\/cipeseguridad.com\/certificacion\/wp-content\/uploads\/2026\/04\/cipe2-1024x576.jpeg\" class=\"attachment-large size-large\" alt=\"\" srcset=\"https:\/\/cipeseguridad.com\/certificacion\/wp-content\/uploads\/2026\/04\/cipe2-1024x576.jpeg 1024w, https:\/\/cipeseguridad.com\/certificacion\/wp-content\/uploads\/2026\/04\/cipe2-300x169.jpeg 300w, https:\/\/cipeseguridad.com\/certificacion\/wp-content\/uploads\/2026\/04\/cipe2-1536x864.jpeg 1536w, https:\/\/cipeseguridad.com\/certificacion\/wp-content\/uploads\/2026\/04\/cipe2.jpeg 1550w\" sizes=\"auto, (max-width: 1024px) 100vw, 1024px\" \/><\/div>\t\t<\/div>\r\n\t<\/article>\r\n\t<article class=\"w-grid-item post-37236 attachment type-attachment status-inherit hentry\" data-id=\"37236\">\r\n\t\t<div class=\"w-grid-item-h\">\r\n\t\t\t\t\t\t\t<a class=\"w-grid-item-anchor\" href=\"https:\/\/cipeseguridad.com\/certificacion\/cipe-centro-de-instruccion-y-perfeccionamiento-en-seguridad-2\/el-instituto\/cipe3\/\" rel=\"bookmark\" aria-label=\"cipe3\"><\/a>\r\n\t\t\t\t\t\t<div class=\"w-post-elm post_image usg_post_image_1 stretched\"><img loading=\"lazy\" decoding=\"async\" width=\"939\" height=\"751\" src=\"https:\/\/cipeseguridad.com\/certificacion\/wp-content\/uploads\/2026\/04\/cipe3.jpeg\" class=\"attachment-large size-large\" alt=\"\" srcset=\"https:\/\/cipeseguridad.com\/certificacion\/wp-content\/uploads\/2026\/04\/cipe3.jpeg 939w, https:\/\/cipeseguridad.com\/certificacion\/wp-content\/uploads\/2026\/04\/cipe3-300x240.jpeg 300w\" sizes=\"auto, (max-width: 939px) 100vw, 939px\" \/><\/div>\t\t<\/div>\r\n\t<\/article>\r\n\t<article class=\"w-grid-item post-37235 attachment type-attachment status-inherit hentry\" data-id=\"37235\">\r\n\t\t<div class=\"w-grid-item-h\">\r\n\t\t\t\t\t\t\t<a class=\"w-grid-item-anchor\" href=\"https:\/\/cipeseguridad.com\/certificacion\/cipe-centro-de-instruccion-y-perfeccionamiento-en-seguridad-2\/el-instituto\/cipe4\/\" rel=\"bookmark\" aria-label=\"cipe4\"><\/a>\r\n\t\t\t\t\t\t<div class=\"w-post-elm post_image usg_post_image_1 stretched\"><img loading=\"lazy\" decoding=\"async\" width=\"771\" height=\"607\" src=\"https:\/\/cipeseguridad.com\/certificacion\/wp-content\/uploads\/2026\/04\/cipe4.jpeg\" class=\"attachment-large size-large\" alt=\"\" srcset=\"https:\/\/cipeseguridad.com\/certificacion\/wp-content\/uploads\/2026\/04\/cipe4.jpeg 771w, https:\/\/cipeseguridad.com\/certificacion\/wp-content\/uploads\/2026\/04\/cipe4-300x236.jpeg 300w\" sizes=\"auto, (max-width: 771px) 100vw, 771px\" \/><\/div>\t\t<\/div>\r\n\t<\/article>\r\n\t<article class=\"w-grid-item post-37234 attachment type-attachment status-inherit hentry\" data-id=\"37234\">\r\n\t\t<div class=\"w-grid-item-h\">\r\n\t\t\t\t\t\t\t<a class=\"w-grid-item-anchor\" href=\"https:\/\/cipeseguridad.com\/certificacion\/cipe-centro-de-instruccion-y-perfeccionamiento-en-seguridad-2\/el-instituto\/fotocipe\/\" rel=\"bookmark\" aria-label=\"fotocipe\"><\/a>\r\n\t\t\t\t\t\t<div class=\"w-post-elm post_image usg_post_image_1 stretched\"><img loading=\"lazy\" decoding=\"async\" width=\"1024\" height=\"704\" src=\"https:\/\/cipeseguridad.com\/certificacion\/wp-content\/uploads\/2026\/04\/fotocipe-1024x704.jpeg\" class=\"attachment-large size-large\" alt=\"\" srcset=\"https:\/\/cipeseguridad.com\/certificacion\/wp-content\/uploads\/2026\/04\/fotocipe-1024x704.jpeg 1024w, https:\/\/cipeseguridad.com\/certificacion\/wp-content\/uploads\/2026\/04\/fotocipe-300x206.jpeg 300w, https:\/\/cipeseguridad.com\/certificacion\/wp-content\/uploads\/2026\/04\/fotocipe-1536x1056.jpeg 1536w, https:\/\/cipeseguridad.com\/certificacion\/wp-content\/uploads\/2026\/04\/fotocipe.jpeg 1566w\" sizes=\"auto, (max-width: 1024px) 100vw, 1024px\" \/><\/div>\t\t<\/div>\r\n\t<\/article>\r\n<\/div><div class=\"w-grid-preloader\"><div class=\"g-preloader type_1\">\r\n\t<div><\/div>\r\n<\/div>\r\n<\/div>\t<div class=\"w-grid-json hidden\" onclick='return {&quot;action&quot;:&quot;us_ajax_grid&quot;,&quot;ajax_url&quot;:&quot;https:\\\/\\\/cipeseguridad.com\\\/certificacion\\\/wp-admin\\\/admin-ajax.php&quot;,&quot;infinite_scroll&quot;:0,&quot;max_num_pages&quot;:1,&quot;pagination&quot;:&quot;none&quot;,&quot;permalink_url&quot;:&quot;https:\\\/\\\/cipeseguridad.com\\\/certificacion\\\/wp-json\\\/wp\\\/v2\\\/pages\\\/37209&quot;,&quot;template_vars&quot;:{&quot;columns&quot;:&quot;1&quot;,&quot;exclude_items&quot;:&quot;none&quot;,&quot;img_size&quot;:&quot;default&quot;,&quot;ignore_items_size&quot;:0,&quot;items_layout&quot;:&quot;gallery_default&quot;,&quot;items_offset&quot;:&quot;1&quot;,&quot;load_animation&quot;:&quot;none&quot;,&quot;overriding_link&quot;:&quot;popup_post&quot;,&quot;post_id&quot;:0,&quot;query_args&quot;:{&quot;post_type&quot;:[&quot;attachment&quot;],&quot;post__in&quot;:[&quot;37234&quot;,&quot;37235&quot;,&quot;37236&quot;,&quot;37237&quot;],&quot;post_status&quot;:&quot;inherit&quot;,&quot;post_mime_type&quot;:&quot;image&quot;,&quot;posts_per_page&quot;:&quot;10&quot;},&quot;orderby_query_args&quot;:{&quot;orderby&quot;:{&quot;date&quot;:&quot;DESC&quot;}},&quot;type&quot;:&quot;grid&quot;,&quot;us_grid_ajax_index&quot;:1,&quot;us_grid_filter_params&quot;:null,&quot;us_grid_index&quot;:1,&quot;_us_grid_post_type&quot;:&quot;attachment&quot;,&quot;page_args&quot;:[]}}'><\/div>\r\n\t\t<div class=\"l-popup\">\r\n\t\t<div class=\"l-popup-overlay\"><\/div>\r\n\t\t<div class=\"l-popup-wrap\">\r\n\t\t\t<div class=\"l-popup-box\">\r\n\t\t\t\t<div class=\"l-popup-box-content\">\r\n\t\t\t\t\t<div class=\"g-preloader type_1\">\r\n\t\t\t\t\t\t<div><\/div>\r\n\t\t\t\t\t<\/div>\r\n\t\t\t\t\t<iframe class=\"l-popup-box-content-frame\" allowfullscreen><\/iframe>\r\n\t\t\t\t<\/div>\r\n\t\t\t<\/div>\r\n\t\t\t\t\t\t\t<div class=\"l-popup-arrow to_next\" title=\"Siguiente\"><\/div>\r\n\t\t\t\t<div class=\"l-popup-arrow to_prev\" title=\"Anterior\"><\/div>\r\n\t\t\t\t\t\t<div class=\"l-popup-closer\"><\/div>\r\n\t\t<\/div>\r\n\t<\/div>\r\n\t<\/div><\/div><\/div><\/div><\/div><\/div><\/section>\n","protected":false},"excerpt":{"rendered":"","protected":false},"author":1,"featured_media":37054,"parent":37006,"menu_order":0,"comment_status":"closed","ping_status":"closed","template":"","meta":{"footnotes":""},"class_list":["post-37209","page","type-page","status-publish","has-post-thumbnail","hentry"],"_links":{"self":[{"href":"https:\/\/cipeseguridad.com\/certificacion\/wp-json\/wp\/v2\/pages\/37209","targetHints":{"allow":["GET"]}}],"collection":[{"href":"https:\/\/cipeseguridad.com\/certificacion\/wp-json\/wp\/v2\/pages"}],"about":[{"href":"https:\/\/cipeseguridad.com\/certificacion\/wp-json\/wp\/v2\/types\/page"}],"author":[{"embeddable":true,"href":"https:\/\/cipeseguridad.com\/certificacion\/wp-json\/wp\/v2\/users\/1"}],"replies":[{"embeddable":true,"href":"https:\/\/cipeseguridad.com\/certificacion\/wp-json\/wp\/v2\/comments?post=37209"}],"version-history":[{"count":3,"href":"https:\/\/cipeseguridad.com\/certificacion\/wp-json\/wp\/v2\/pages\/37209\/revisions"}],"predecessor-version":[{"id":37238,"href":"https:\/\/cipeseguridad.com\/certificacion\/wp-json\/wp\/v2\/pages\/37209\/revisions\/37238"}],"up":[{"embeddable":true,"href":"https:\/\/cipeseguridad.com\/certificacion\/wp-json\/wp\/v2\/pages\/37006"}],"wp:featuredmedia":[{"embeddable":true,"href":"https:\/\/cipeseguridad.com\/certificacion\/wp-json\/wp\/v2\/media\/37054"}],"wp:attachment":[{"href":"https:\/\/cipeseguridad.com\/certificacion\/wp-json\/wp\/v2\/media?parent=37209"}],"curies":[{"name":"wp","href":"https:\/\/api.w.org\/{rel}","templated":true}]}}